{"id":201,"date":"2025-06-06T04:32:02","date_gmt":"2025-06-06T04:32:02","guid":{"rendered":"https:\/\/store.ebbinnovation.com\/?page_id=201"},"modified":"2025-06-06T04:39:13","modified_gmt":"2025-06-06T04:39:13","slug":"uber-ebb","status":"publish","type":"page","link":"https:\/\/pos.ebbinnovation.com\/index.php\/de\/uber-ebb\/","title":{"rendered":"\u00dcber EBB"},"content":{"rendered":"<p><strong>Willkommen bei EBB Innovation \u2013 wo Technologie auf Zweck trifft.<\/strong><\/p><p>Wir bei EBB Innovation glauben daran, Einzelpersonen, Unternehmen und Gemeinschaften durch zug\u00e4ngliche, zuverl\u00e4ssige und transformative digitale L\u00f6sungen zu st\u00e4rken. Unser Online-Shop ist eine Erweiterung dieser Mission und bietet eine kuratierte Auswahl an Produkten und Dienstleistungen, die die Produktivit\u00e4t steigern, das Unternehmenswachstum unterst\u00fctzen und Innovationen auf allen Ebenen vorantreiben.<\/p><p>Egal, ob Sie Inhaber eines kleinen Unternehmens, ein zukunftsorientierter Unternehmer oder ein neugieriger Verbraucher sind: Unsere Plattform vereint hochwertige Tools und technisch unterst\u00fctzte Dienste, mit denen Sie schneller mehr erreichen k\u00f6nnen.<\/p><figure class=\"wp-block-image\"><img loading=\"lazy\" decoding=\"async\" width=\"1536\" height=\"1024\" src=\"https:\/\/store.ebbinnovation.com\/wp-content\/uploads\/2025\/06\/team-ebb.png\" alt=\"Team EBB\" class=\"wp-image-164\" srcset=\"https:\/\/pos.ebbinnovation.com\/wp-content\/uploads\/2025\/06\/team-ebb.png 1536w, https:\/\/pos.ebbinnovation.com\/wp-content\/uploads\/2025\/06\/team-ebb-600x400.png 600w, https:\/\/pos.ebbinnovation.com\/wp-content\/uploads\/2025\/06\/team-ebb-300x200.png 300w, https:\/\/pos.ebbinnovation.com\/wp-content\/uploads\/2025\/06\/team-ebb-1024x683.png 1024w, https:\/\/pos.ebbinnovation.com\/wp-content\/uploads\/2025\/06\/team-ebb-768x512.png 768w\" sizes=\"auto, (max-width: 1536px) 100vw, 1536px\" \/><figcaption class=\"wp-element-caption\">Team EBB<\/figcaption><\/figure><p>Von E-Commerce- und Webhosting-L\u00f6sungen bis hin zu intelligenten digitalen Tools, Elektronik und Cloud-Diensten \u2013 hinter jedem Produkt in unserem Katalog steht unser Engagement f\u00fcr:<\/p><p>\ud83d\udd39 Qualit\u00e4t und Zuverl\u00e4ssigkeit<\/p><p>\ud83d\udd39 Hervorragender Kundenservice<\/p><p>\ud83d\udd39 Sichere Transaktionen und Datenschutz<\/p><p>\ud83d\udd39 Ma\u00dfgeschneiderte L\u00f6sungen f\u00fcr die Karibik und globale M\u00e4rkte<\/p><p><strong>Warum uns w\u00e4hlen?<\/strong><\/p><p>Wir sind mehr als nur ein Webshop \u2013 wir sind Ihr Partner f\u00fcr digitale Innovation. Mit langj\u00e4hriger Erfahrung in Cloud-Infrastruktur, Softwarebereitstellung und Servicebereitstellung entwickelt unser Team mit Leidenschaft praktische, skalierbare und wirkungsvolle L\u00f6sungen f\u00fcr die Praxis.<\/p><p>Vom Start eines Onlineshops \u00fcber den Betrieb eines Hotelmanagementsystems bis hin zur Kreditverwaltung \u00fcber eine digitale Kernbankenplattform \u2013 EBB Innovation bringt Ihnen moderne Technologie nahe \u2013 ganz ohne Komplexit\u00e4t.<\/p><hr class=\"wp-block-separator has-alpha-channel-opacity\"\/><p><strong>Lassen Sie uns gemeinsam etwas Gro\u00dfes schaffen<\/strong><\/p><p>Erkunden Sie unseren Shop, entdecken Sie die M\u00f6glichkeiten und lassen Sie sich von uns dabei unterst\u00fctzen, Innovation zu einem Teil Ihres Alltags zu machen.<\/p><p>\ud83d\udccd Stolz jamaikanisch | Weltweit kompetent<br>\ud83d\udcde Brauchen Sie Hilfe? Kontaktieren Sie unser Team jederzeit unter<\/p><p><a>support@ebbinnovation.com<\/a><\/p>","protected":false},"excerpt":{"rendered":"<p>Willkommen bei EBB Innovation \u2013 wo Technologie auf Zweck trifft. Wir bei EBB Innovation glauben daran, Einzelpersonen, Unternehmen und Gemeinschaften durch zug\u00e4ngliche, zuverl\u00e4ssige und transformative digitale L\u00f6sungen zu st\u00e4rken. Unser Online-Shop ist eine Erweiterung dieser Mission und bietet eine kuratierte Auswahl an Produkten und Dienstleistungen, die die Produktivit\u00e4t steigern, das Unternehmenswachstum unterst\u00fctzen und Innovationen auf&#8230;<\/p>\n","protected":false},"author":1,"featured_media":0,"parent":0,"menu_order":0,"comment_status":"closed","ping_status":"closed","template":"","meta":{"footnotes":""},"class_list":["post-201","page","type-page","status-publish","hentry"],"jetpack_sharing_enabled":true,"_links":{"self":[{"href":"https:\/\/pos.ebbinnovation.com\/index.php\/wp-json\/wp\/v2\/pages\/201","targetHints":{"allow":["GET"]}}],"collection":[{"href":"https:\/\/pos.ebbinnovation.com\/index.php\/wp-json\/wp\/v2\/pages"}],"about":[{"href":"https:\/\/pos.ebbinnovation.com\/index.php\/wp-json\/wp\/v2\/types\/page"}],"author":[{"embeddable":true,"href":"https:\/\/pos.ebbinnovation.com\/index.php\/wp-json\/wp\/v2\/users\/1"}],"replies":[{"embeddable":true,"href":"https:\/\/pos.ebbinnovation.com\/index.php\/wp-json\/wp\/v2\/comments?post=201"}],"version-history":[{"count":1,"href":"https:\/\/pos.ebbinnovation.com\/index.php\/wp-json\/wp\/v2\/pages\/201\/revisions"}],"predecessor-version":[{"id":202,"href":"https:\/\/pos.ebbinnovation.com\/index.php\/wp-json\/wp\/v2\/pages\/201\/revisions\/202"}],"wp:attachment":[{"href":"https:\/\/pos.ebbinnovation.com\/index.php\/wp-json\/wp\/v2\/media?parent=201"}],"curies":[{"name":"wp","href":"https:\/\/api.w.org\/{rel}","templated":true}]}}